{"id":3188,"date":"2025-05-30T06:18:14","date_gmt":"2025-05-30T06:18:14","guid":{"rendered":"https:\/\/ricardasmalinauskas.lt\/?post_type=product&#038;p=3188"},"modified":"2026-04-16T12:17:29","modified_gmt":"2026-04-16T12:17:29","slug":"knyga-jau-laikas-2","status":"publish","type":"product","link":"https:\/\/ricardasmalinauskas.lt\/?product=knyga-jau-laikas-2","title":{"rendered":"Knyga \u201eJau laikas\u201c"},"content":{"rendered":"","protected":false},"excerpt":{"rendered":"<p>Ri\u010dardo Malinausko, ilgame\u010dio Druskinink\u0173 mero, gyvenimas \u2013 lyg psichologinis trileris, kupinas veiksmo, netik\u0117t\u0173 pos\u016bki\u0173 ir \u012ftampos: s\u0117kmingas verslininkas, \u012ftakingas politikas, viena ry\u0161kiausi\u0173 asmenybi\u0173 Lietuvos savivaldos istorijoje ir vienas labiausiai Lietuvoje puolam\u0173 \u017emoni\u0173.<\/p>\n<p>Knyga \u201eJau laikas\u201c \u2013 tai atviras, tiesus ir dr\u0105sus jo pasakojimas apie sud\u0117ting\u0105, netik\u0117tum\u0173 kupin\u0105 keli\u0105 \u012f verslo bei politikos auk\u0161tumas ir tai, k\u0105 tenka i\u0161tverti \u017emogui, prie\u0161 kur\u012f nusitaiko tarpusavyje susisais\u010diusi korumpuota sistema.<\/p>\n<p>A\u0161triai ir be u\u017euolank\u0173 autorius kalba apie politinius u\u017ekulisius, juose suve\u0161\u0117jusius interesus, kuriems ginti sutelkiamos politik\u0173, teis\u0117saugos ir \u017einiasklaidos paj\u0117gos. Suvokti j\u0173 gali\u0105 ir atsilaikyti prie\u0161 jas \u2013 be galo sunku, bet kart\u0105 pasidavus atgal kelio jau nebeb\u016bt\u0173.<\/p>\n<p>Knygoje \u2013 skaud\u017eia asmenine patirtimi paremtos \u012f\u017evalgos, ne vienerius metus analizuoti faktai ir \u012fvykiai, prisiminimai apie vaikyst\u0119, itin grie\u017et\u0105 aukl\u0117jim\u0105, sunk\u0173 darb\u0105, lagaminais ve\u017eiotas dideles pinig\u0173 sumas, patirt\u0105 artimiausi\u0173 \u017emoni\u0173 i\u0161davyst\u0119, bandymus palau\u017eti psichologi\u0161kai, persekiojim\u0105 ir i\u0161tikimyb\u0119 pagrindinei gyvenimo nuostatai: nepasiduoti.<\/p>\n","protected":false},"featured_media":1181,"template":"","meta":{"om_disable_all_campaigns":true,"_monsterinsights_skip_tracking":false,"_monsterinsights_sitenote_active":false,"_monsterinsights_sitenote_note":"","_monsterinsights_sitenote_category":0},"product_cat":[15],"product_tag":[],"_links":{"self":[{"href":"https:\/\/ricardasmalinauskas.lt\/index.php?rest_route=\/wp\/v2\/product\/3188"}],"collection":[{"href":"https:\/\/ricardasmalinauskas.lt\/index.php?rest_route=\/wp\/v2\/product"}],"about":[{"href":"https:\/\/ricardasmalinauskas.lt\/index.php?rest_route=\/wp\/v2\/types\/product"}],"wp:featuredmedia":[{"embeddable":true,"href":"https:\/\/ricardasmalinauskas.lt\/index.php?rest_route=\/wp\/v2\/media\/1181"}],"wp:attachment":[{"href":"https:\/\/ricardasmalinauskas.lt\/index.php?rest_route=%2Fwp%2Fv2%2Fmedia&parent=3188"}],"wp:term":[{"taxonomy":"product_cat","embeddable":true,"href":"https:\/\/ricardasmalinauskas.lt\/index.php?rest_route=%2Fwp%2Fv2%2Fproduct_cat&post=3188"},{"taxonomy":"product_tag","embeddable":true,"href":"https:\/\/ricardasmalinauskas.lt\/index.php?rest_route=%2Fwp%2Fv2%2Fproduct_tag&post=3188"}],"curies":[{"name":"wp","href":"https:\/\/api.w.org\/{rel}","templated":true}]}}