{"id":3,"date":"2022-07-24T20:02:39","date_gmt":"2022-07-24T20:02:39","guid":{"rendered":"http:\/\/ricardasmalinauskas.lt\/?page_id=3"},"modified":"2025-06-09T13:40:39","modified_gmt":"2025-06-09T13:40:39","slug":"privacy-policy","status":"publish","type":"page","link":"https:\/\/ricardasmalinauskas.lt\/?page_id=3","title":{"rendered":"Privatumo politika"},"content":{"rendered":"\t\t<div data-elementor-type=\"wp-page\" data-elementor-id=\"3\" class=\"elementor elementor-3\">\n\t\t\t\t\t\t\t\t\t<section class=\"elementor-section elementor-top-section elementor-element elementor-element-37a5cdf elementor-section-boxed elementor-section-height-default elementor-section-height-default\" data-id=\"37a5cdf\" data-element_type=\"section\">\n\t\t\t\t\t\t<div class=\"elementor-container elementor-column-gap-default\">\n\t\t\t\t\t<div class=\"elementor-column elementor-col-100 elementor-top-column elementor-element elementor-element-68f1463\" data-id=\"68f1463\" data-element_type=\"column\">\n\t\t\t<div class=\"elementor-widget-wrap elementor-element-populated\">\n\t\t\t\t\t\t\t\t<div class=\"elementor-element elementor-element-998c50a elementor-icon-list--layout-inline elementor-align-center elementor-list-item-link-full_width elementor-widget elementor-widget-icon-list\" data-id=\"998c50a\" data-element_type=\"widget\" data-widget_type=\"icon-list.default\">\n\t\t\t\t<div class=\"elementor-widget-container\">\n\t\t\t<link rel=\"stylesheet\" href=\"https:\/\/ricardasmalinauskas.lt\/wp-content\/plugins\/elementor\/assets\/css\/widget-icon-list.min.css\">\t\t<ul class=\"elementor-icon-list-items elementor-inline-items\">\n\t\t\t\t\t\t\t<li class=\"elementor-icon-list-item elementor-inline-item\">\n\t\t\t\t\t\t\t\t\t\t\t<a href=\"https:\/\/ricardasmalinauskas.lt\/\">\n\n\t\t\t\t\t\t\t\t\t\t\t<span class=\"elementor-icon-list-text\">Pradinis<\/span>\n\t\t\t\t\t\t\t\t\t\t\t<\/a>\n\t\t\t\t\t\t\t\t\t<\/li>\n\t\t\t\t\t\t\t\t<li class=\"elementor-icon-list-item elementor-inline-item\">\n\t\t\t\t\t\t\t\t\t\t\t<a href=\"https:\/\/ricardasmalinauskas.lt\/?page_id=1365\">\n\n\t\t\t\t\t\t\t\t\t\t\t<span class=\"elementor-icon-list-text\">Apie mane<\/span>\n\t\t\t\t\t\t\t\t\t\t\t<\/a>\n\t\t\t\t\t\t\t\t\t<\/li>\n\t\t\t\t\t\t<\/ul>\n\t\t\t\t<\/div>\n\t\t\t\t<\/div>\n\t\t\t\t\t<\/div>\n\t\t<\/div>\n\t\t\t\t\t\t\t<\/div>\n\t\t<\/section>\n\t\t\t\t<section class=\"elementor-section elementor-top-section elementor-element elementor-element-2600a453 elementor-section-boxed elementor-section-height-default elementor-section-height-default\" data-id=\"2600a453\" data-element_type=\"section\">\n\t\t\t\t\t\t<div class=\"elementor-container elementor-column-gap-default\">\n\t\t\t\t\t<div class=\"elementor-column elementor-col-100 elementor-top-column elementor-element elementor-element-4619683c\" data-id=\"4619683c\" data-element_type=\"column\">\n\t\t\t<div class=\"elementor-widget-wrap elementor-element-populated\">\n\t\t\t\t\t\t\t\t<div class=\"elementor-element elementor-element-1a948739 elementor-widget elementor-widget-text-editor\" data-id=\"1a948739\" data-element_type=\"widget\" data-widget_type=\"text-editor.default\">\n\t\t\t\t<div class=\"elementor-widget-container\">\n\t\t\t<style>\/*! elementor - v3.6.7 - 03-07-2022 *\/\n.elementor-widget-text-editor.elementor-drop-cap-view-stacked .elementor-drop-cap{background-color:#818a91;color:#fff}.elementor-widget-text-editor.elementor-drop-cap-view-framed .elementor-drop-cap{color:#818a91;border:3px solid;background-color:transparent}.elementor-widget-text-editor:not(.elementor-drop-cap-view-default) .elementor-drop-cap{margin-top:8px}.elementor-widget-text-editor:not(.elementor-drop-cap-view-default) .elementor-drop-cap-letter{width:1em;height:1em}.elementor-widget-text-editor .elementor-drop-cap{float:left;text-align:center;line-height:1;font-size:50px}.elementor-widget-text-editor .elementor-drop-cap-letter{display:inline-block}<\/style>\t\t\t\t<p style=\"outline: none; -webkit-font-smoothing: antialiased; margin-top: 0px; margin-bottom: 1em; line-height: 1.75em; text-align: justify; color: #4f4945; font-family: Raleway; font-size: 16px; background-color: #fcfdfd;\"><span style=\"outline: none; -webkit-font-smoothing: antialiased; font-weight: bolder;\">Asmens duomen\u0173 apsauga<\/span><\/p><p style=\"outline: none; -webkit-font-smoothing: antialiased; margin-top: 0px; margin-bottom: 1em; line-height: 1.75em; text-align: justify; color: #4f4945; font-family: Raleway; font-size: 16px; background-color: #fcfdfd;\">Elektronin\u0117 parduotuv\u0117 <em>ricardasmalinauskas.lt<\/em> (kuri veikia pagal Ri\u010dardo Malinausko individuali\u0105 veikl\u0105, pa\u017eym\u0117jimo numeris: 1170447) vykdydama savo funkcijas tvarko asmens duomenis elektronin\u0117s prekybos tikslais.<br style=\"outline: none; -webkit-font-smoothing: antialiased;\" \/>Elektronin\u0117 parduotuv\u0117 asmens duomenis tvarko vadovaudamasi Bendruoju duomen\u0173 apsaugos reglamentu (2016 m. baland\u017eio 27 d. Europos Parlamento ir Tarybos reglamentas (ES) 2016\/679 d\u0117l fizini\u0173 asmen\u0173 apsaugos tvarkant asmens duomenis ir d\u0117l laisvo toki\u0173 duomen\u0173 jud\u0117jimo ir kuriuo panaikinama Direktyva 95\/46\/EB).<\/p><p style=\"outline: none; -webkit-font-smoothing: antialiased; margin-top: 0px; margin-bottom: 1em; line-height: 1.75em; text-align: justify; color: #4f4945; font-family: Raleway; font-size: 16px; background-color: #fcfdfd;\"><span style=\"outline: none; -webkit-font-smoothing: antialiased; font-weight: bolder;\">Duomen\u0173 subjekto teis\u0117s:<\/span><br style=\"outline: none; -webkit-font-smoothing: antialiased;\" \/>Gauti informacij\u0105 apie savo asmens duomen\u0173 tvarkym\u0105;<br style=\"outline: none; -webkit-font-smoothing: antialiased;\" \/>Pateikti pra\u0161ym\u0105 gauti informacij\u0105, kokiais tikslais yra tvarkoma informacija, kokie duomenys yra tvarkomi, kiek laiko saugomi duomenys. \u0160i informacija teikiama nemokamai (duomen\u0173 valdytojas u\u017e pakartotin\u012f Duomen\u0173 subjekto pra\u0161ym\u0105 d\u0117l informacijos apie duomen\u0173 tvarkym\u0105 pateikimo gali imti nustatyto dyd\u017eio mokest\u012f) vien\u0105 kart\u0105, u\u017epild\u017eius pra\u0161ym\u0105;<br style=\"outline: none; -webkit-font-smoothing: antialiased;\" \/>Susipa\u017einti su savo asmens duomenimis, kurie yra saugomi;<br style=\"outline: none; -webkit-font-smoothing: antialiased;\" \/>Pra\u0161yti i\u0161taisyti neteisingus, netikslius ar nei\u0161samius asmens duomenis;<br style=\"outline: none; -webkit-font-smoothing: antialiased;\" \/>Pra\u0161yti i\u0161trinti (teis\u0117 \u201eb\u016bti pamir\u0161tam\u201c) asmens duomenis;<br style=\"outline: none; -webkit-font-smoothing: antialiased;\" \/>Nesutikti, kad b\u016bt\u0173 tvarkomi bet kokie su konkre\u010diu atveju susij\u0119 asmens duomenys;<br style=\"outline: none; -webkit-font-smoothing: antialiased;\" \/>Pra\u0161yti apriboti savo asmens duomen\u0173 tvarkym\u0105;<br style=\"outline: none; -webkit-font-smoothing: antialiased;\" \/>Gauti savo asmens duomenis skaitmeniniu formatu ir persi\u0173sti juos kitam duomen\u0173 valdytojui (\u201eduomen\u0173 perkeliamumas\u201c);<br style=\"outline: none; -webkit-font-smoothing: antialiased;\" \/>Pra\u0161yti, kad automatizuotu duomen\u0173 tvarkymu grind\u017eiamus sprendimus, kurie yra susij\u0119 su asmeniu arba turi asmeniui reik\u0161mingos \u012ftakos ir yra pagr\u012fsti asmens duomenimis, priimt\u0173 fiziniai asmenys, o ne kompiuterin\u0117s sistemos.<\/p><p style=\"outline: none; -webkit-font-smoothing: antialiased; margin-top: 0px; margin-bottom: 1em; line-height: 1.75em; text-align: justify; color: #4f4945; font-family: Raleway; font-size: 16px; background-color: #fcfdfd;\">\u0160ios teis\u0117s padeda u\u017etikrinti, kad informacija apie asmen\u012f yra teisinga, kad ji prieinama tik tiems, kam suteikta teis\u0117 prie jos prieiti, ir naudojama tik teis\u0117tais tikslais.<\/p><p style=\"outline: none; -webkit-font-smoothing: antialiased; margin-top: 0px; margin-bottom: 1em; line-height: 1.75em; text-align: justify; color: #4f4945; font-family: Raleway; font-size: 16px; background-color: #fcfdfd;\"><span style=\"outline: none; -webkit-font-smoothing: antialiased; font-weight: bolder;\">Asmens teisi\u0173 \u012fgyvendinimo tvarka:<\/span><br style=\"outline: none; -webkit-font-smoothing: antialiased;\" \/>Asmuo, siekdamas \u012fgyvendinti auk\u0161\u010diau nurodytas teises, gali pateikti elektroninei parduotuvei <em>ricardasmalinauskas.lt<\/em> (asmeni\u0161kai, pa\u0161tu ar elektronini\u0173 ry\u0161i\u0173 priemon\u0117mis, Turist\u0173 g. 11, Druskininkai, el. pa\u0161tas\u00a0<a style=\"outline: none; -webkit-font-smoothing: antialiased; background-color: transparent; color: #d88b6c;\" href=\"mailto:information@druskininkai.lt\">info@ricardasmalinauskas.lt<\/a>);<br style=\"outline: none; -webkit-font-smoothing: antialiased;\" \/>Pra\u0161ymas turi b\u016bti \u012fskaitomas, asmens pasira\u0161ytas, pra\u0161yme turi b\u016bti nurodyta: asmens vardas, pavard\u0117, gyvenamoji vieta, duomenys ry\u0161iui palaikyti ir informacija apie tai, koki\u0105 i\u0161 ank\u0161\u010diau nurodyt\u0173 teisi\u0173 ir kokia apimtimi jis pageidauja \u012fgyvendinti;<br style=\"outline: none; -webkit-font-smoothing: antialiased;\" \/>Duomen\u0173 subjektas pateikia atsakym\u0105 asmeniui ne v\u0117liau nei per 1 m\u0117nes\u012f nuo pra\u0161ymo pateikimo dienos.<\/p><p style=\"outline: none; -webkit-font-smoothing: antialiased; margin-top: 0px; margin-bottom: 1em; line-height: 1.75em; text-align: justify; color: #4f4945; font-family: Raleway; font-size: 16px; background-color: #fcfdfd;\"><span style=\"outline: none; -webkit-font-smoothing: antialiased; font-weight: bolder;\">\u012estatymuose gali b\u016bti numatyta i\u0161im\u010di\u0173, kai duomen\u0173 valdytojas asmens (duomen\u0173 subjekto) teisi\u0173 gali ne\u012fgyvendinti:<\/span><br style=\"outline: none; -webkit-font-smoothing: antialiased;\" \/>Kai reikia u\u017etikrinti valstyb\u0117s saugum\u0105 ar gynyb\u0105;<br style=\"outline: none; -webkit-font-smoothing: antialiased;\" \/>Kai reikia u\u017etikrinti vie\u0161\u0105j\u0105 tvark\u0105, nusikalstam\u0173 veik\u0173 prevencij\u0105, tyrim\u0105, nustatym\u0105 ar baud\u017eiam\u0105j\u012f persekiojim\u0105;<br style=\"outline: none; -webkit-font-smoothing: antialiased;\" \/>Kai reikia u\u017etikrinti svarbius valstyb\u0117s ekonominius ar finansinius interesus;<br style=\"outline: none; -webkit-font-smoothing: antialiased;\" \/>Kai reikia u\u017etikrinti tarnybin\u0117s ar profesin\u0117s etikos pa\u017eeidim\u0173 prevencij\u0105, tyrim\u0105 ir nustatym\u0105;<br style=\"outline: none; -webkit-font-smoothing: antialiased;\" \/>Kai reikia u\u017etikrinti asmens (duomen\u0173 subjekto) ar kit\u0173 asmen\u0173 teisi\u0173 ir laisvi\u0173 apsaug\u0105.<\/p><p style=\"outline: none; -webkit-font-smoothing: antialiased; margin-top: 0px; margin-bottom: 1em; line-height: 1.75em; text-align: justify; color: #4f4945; font-family: Raleway; font-size: 16px; background-color: #fcfdfd;\"><span style=\"outline: none; -webkit-font-smoothing: antialiased; font-weight: bolder;\">Asmens duomen\u0173 saugumo pa\u017eeidimai ir apskundimo tvarka:<\/span><br style=\"outline: none; -webkit-font-smoothing: antialiased;\" \/>Jeigu asmuo mano, kad pa\u017eeistos jo, kaip duomen\u0173 subjekto, teis\u0117s, arba nori gauti daugiau informacijos apie asmens duomen\u0173 tvarkym\u0105, gali kreiptis \u012f duomen\u0173 subjekt\u0105, el. pa\u0161tu\u00a0<a style=\"outline: none; -webkit-font-smoothing: antialiased; background-color: transparent; color: #d88b6c;\" href=\"mailto:information@druskininkai.lt\">info@ricardasmalinauskas.lt<\/a><\/p><p style=\"outline: none; -webkit-font-smoothing: antialiased; margin-top: 0px; margin-bottom: 1em; line-height: 1.75em; text-align: justify; color: #4f4945; font-family: Raleway; font-size: 16px; background-color: #fcfdfd;\">Duomen\u0173 apsaugos pareig\u016bnas privalo u\u017etikrinti slaptum\u0105 arba konfidencialum\u0105, susijus\u012f su jo u\u017eduo\u010di\u0173 vykdymu.<br style=\"outline: none; -webkit-font-smoothing: antialiased;\" \/>Jeigu asmuo nesutinka su duomen\u0173 subjekto atsakymu, jis gali kreiptis \u012f Valstybin\u0119 duomen\u0173 apsaugos inspekcij\u0105 (VDAI), L. Sapiegos g. 17, 10312 Vilnius, tel.: +370 5 271 2804, +370 5 279 1445, el.pa\u0161tas\u00a0<a style=\"outline: none; -webkit-font-smoothing: antialiased; background-color: transparent; color: #d88b6c;\" href=\"mailto:ada@ada.lt\">ada@ada.lt<\/a><\/p>\t\t\t\t\t\t<\/div>\n\t\t\t\t<\/div>\n\t\t\t\t<div class=\"elementor-element elementor-element-3a4b9f9 elementor-icon-list--layout-inline elementor-align-center elementor-list-item-link-full_width elementor-widget elementor-widget-icon-list\" data-id=\"3a4b9f9\" data-element_type=\"widget\" data-widget_type=\"icon-list.default\">\n\t\t\t\t<div class=\"elementor-widget-container\">\n\t\t\t\t\t<ul class=\"elementor-icon-list-items elementor-inline-items\">\n\t\t\t\t\t\t\t<li class=\"elementor-icon-list-item elementor-inline-item\">\n\t\t\t\t\t\t\t\t\t\t\t<a href=\"https:\/\/ricardasmalinauskas.lt\/?page_id=9\">\n\n\t\t\t\t\t\t\t\t\t\t\t<span class=\"elementor-icon-list-text\">Pirkimo s\u0105lygos<br><\/span>\n\t\t\t\t\t\t\t\t\t\t\t<\/a>\n\t\t\t\t\t\t\t\t\t<\/li>\n\t\t\t\t\t\t\t\t<li class=\"elementor-icon-list-item elementor-inline-item\">\n\t\t\t\t\t\t\t\t\t\t\t<a href=\"https:\/\/ricardasmalinauskas.lt\/?page_id=3\">\n\n\t\t\t\t\t\t\t\t\t\t\t<span class=\"elementor-icon-list-text\">Privatumo politika<br><\/span>\n\t\t\t\t\t\t\t\t\t\t\t<\/a>\n\t\t\t\t\t\t\t\t\t<\/li>\n\t\t\t\t\t\t\t\t<li class=\"elementor-icon-list-item elementor-inline-item\">\n\t\t\t\t\t\t\t\t\t\t\t<a href=\"https:\/\/ricardasmalinauskas.lt\/?page_id=559\">\n\n\t\t\t\t\t\t\t\t\t\t\t<span class=\"elementor-icon-list-text\">Kontaktai<\/span>\n\t\t\t\t\t\t\t\t\t\t\t<\/a>\n\t\t\t\t\t\t\t\t\t<\/li>\n\t\t\t\t\t\t<\/ul>\n\t\t\t\t<\/div>\n\t\t\t\t<\/div>\n\t\t\t\t\t<\/div>\n\t\t<\/div>\n\t\t\t\t\t\t\t<\/div>\n\t\t<\/section>\n\t\t\t\t\t\t\t<\/div>\n\t\t","protected":false},"excerpt":{"rendered":"<p>Pradinis Apie mane Asmens duomen\u0173 apsauga Elektronin\u0117 parduotuv\u0117 ricardasmalinauskas.lt (kuri veikia pagal Ri\u010dardo Malinausko individuali\u0105 veikl\u0105, pa\u017eym\u0117jimo numeris: 1170447) vykdydama savo funkcijas tvarko asmens duomenis elektronin\u0117s prekybos tikslais.Elektronin\u0117 parduotuv\u0117 asmens duomenis tvarko vadovaudamasi Bendruoju duomen\u0173 apsaugos reglamentu (2016 m. baland\u017eio 27 d. Europos Parlamento ir Tarybos reglamentas (ES) 2016\/679 d\u0117l fizini\u0173 asmen\u0173 apsaugos tvarkant asmens [&hellip;]<\/p>\n","protected":false},"author":1,"featured_media":0,"parent":0,"menu_order":0,"comment_status":"closed","ping_status":"open","template":"","meta":{"om_disable_all_campaigns":false,"_monsterinsights_skip_tracking":false,"_monsterinsights_sitenote_active":false,"_monsterinsights_sitenote_note":"","_monsterinsights_sitenote_category":0},"_links":{"self":[{"href":"https:\/\/ricardasmalinauskas.lt\/index.php?rest_route=\/wp\/v2\/pages\/3"}],"collection":[{"href":"https:\/\/ricardasmalinauskas.lt\/index.php?rest_route=\/wp\/v2\/pages"}],"about":[{"href":"https:\/\/ricardasmalinauskas.lt\/index.php?rest_route=\/wp\/v2\/types\/page"}],"author":[{"embeddable":true,"href":"https:\/\/ricardasmalinauskas.lt\/index.php?rest_route=\/wp\/v2\/users\/1"}],"replies":[{"embeddable":true,"href":"https:\/\/ricardasmalinauskas.lt\/index.php?rest_route=%2Fwp%2Fv2%2Fcomments&post=3"}],"version-history":[{"count":12,"href":"https:\/\/ricardasmalinauskas.lt\/index.php?rest_route=\/wp\/v2\/pages\/3\/revisions"}],"predecessor-version":[{"id":3234,"href":"https:\/\/ricardasmalinauskas.lt\/index.php?rest_route=\/wp\/v2\/pages\/3\/revisions\/3234"}],"wp:attachment":[{"href":"https:\/\/ricardasmalinauskas.lt\/index.php?rest_route=%2Fwp%2Fv2%2Fmedia&parent=3"}],"curies":[{"name":"wp","href":"https:\/\/api.w.org\/{rel}","templated":true}]}}